{"id":69,"date":"2025-01-13T15:24:05","date_gmt":"2025-01-13T15:24:05","guid":{"rendered":"https:\/\/martapruebas.teys.es\/?page_id=69"},"modified":"2025-01-13T15:58:07","modified_gmt":"2025-01-13T15:58:07","slug":"home-2","status":"publish","type":"page","link":"https:\/\/martapruebas.teys.es\/?page_id=69","title":{"rendered":"Home"},"content":{"rendered":"\t\t<div data-elementor-type=\"wp-page\" data-elementor-id=\"69\" class=\"elementor elementor-69\">\n\t\t\t\t<div class=\"elementor-element elementor-element-19581bd e-grid e-con-boxed e-con e-parent\" data-id=\"19581bd\" data-element_type=\"container\">\n\t\t\t\t\t<div class=\"e-con-inner\">\n\t\t\t\t<div class=\"elementor-element elementor-element-56f4bf1 elementor-widget elementor-widget-heading\" data-id=\"56f4bf1\" data-element_type=\"widget\" data-widget_type=\"heading.default\">\n\t\t\t\t<div class=\"elementor-widget-container\">\n\t\t\t<h1 class=\"elementor-heading-title elementor-size-default\">TYPSA Digital Solutions<\/h1>\t\t<\/div>\n\t\t\t\t<\/div>\n\t\t\t\t<div class=\"elementor-element elementor-element-24a55b5 elementor-widget elementor-widget-text-editor\" data-id=\"24a55b5\" data-element_type=\"widget\" data-widget_type=\"text-editor.default\">\n\t\t\t\t<div class=\"elementor-widget-container\">\n\t\t\t\t\t\t\t<h5>TYPSA Digital Solutions es una empresa del Grupo TYPSA que nace de la experiencia adquirida tras 3 a\u00f1os del Acelerador Digital (ADT) y que aporta Soluciones Digitales con la m\u00e1s alta tecnolog\u00eda y desarrollo<\/h5>\t\t\t\t\t\t<\/div>\n\t\t\t\t<\/div>\n\t\t\t\t\t<\/div>\n\t\t\t\t<\/div>\n\t\t<div class=\"elementor-element elementor-element-7ce25dc e-grid e-con-full e-con e-parent\" data-id=\"7ce25dc\" data-element_type=\"container\">\n\t\t\t\t<div class=\"elementor-element elementor-element-239de27 elementor-widget elementor-widget-image\" data-id=\"239de27\" data-element_type=\"widget\" data-widget_type=\"image.default\">\n\t\t\t\t<div class=\"elementor-widget-container\">\n\t\t\t\t\t\t\t\t\t\t\t\t\t<img fetchpriority=\"high\" decoding=\"async\" width=\"2560\" height=\"1707\" src=\"https:\/\/martapruebas.teys.es\/wp-content\/uploads\/2025\/01\/amazed-excited-young-african-american-man-wearing-2024-10-15-01-40-21-utc-scaled.jpg\" class=\"attachment-full size-full wp-image-44\" alt=\"\" srcset=\"https:\/\/martapruebas.teys.es\/wp-content\/uploads\/2025\/01\/amazed-excited-young-african-american-man-wearing-2024-10-15-01-40-21-utc-scaled.jpg 2560w, https:\/\/martapruebas.teys.es\/wp-content\/uploads\/2025\/01\/amazed-excited-young-african-american-man-wearing-2024-10-15-01-40-21-utc-300x200.jpg 300w, https:\/\/martapruebas.teys.es\/wp-content\/uploads\/2025\/01\/amazed-excited-young-african-american-man-wearing-2024-10-15-01-40-21-utc-1024x683.jpg 1024w, https:\/\/martapruebas.teys.es\/wp-content\/uploads\/2025\/01\/amazed-excited-young-african-american-man-wearing-2024-10-15-01-40-21-utc-768x512.jpg 768w, https:\/\/martapruebas.teys.es\/wp-content\/uploads\/2025\/01\/amazed-excited-young-african-american-man-wearing-2024-10-15-01-40-21-utc-1536x1024.jpg 1536w, https:\/\/martapruebas.teys.es\/wp-content\/uploads\/2025\/01\/amazed-excited-young-african-american-man-wearing-2024-10-15-01-40-21-utc-2048x1365.jpg 2048w\" sizes=\"(max-width: 2560px) 100vw, 2560px\" \/>\t\t\t\t\t\t\t\t\t\t\t\t\t<\/div>\n\t\t\t\t<\/div>\n\t\t\t\t<\/div>\n\t\t\t\t<\/div>\n\t\t","protected":false},"excerpt":{"rendered":"<p>TYPSA Digital Solutions TYPSA Digital Solutions es una empresa del Grupo TYPSA que nace de la experiencia adquirida tras 3 [&hellip;]<\/p>\n","protected":false},"author":1,"featured_media":0,"parent":0,"menu_order":0,"comment_status":"closed","ping_status":"closed","template":"","meta":{"site-sidebar-layout":"no-sidebar","site-content-layout":"","ast-site-content-layout":"full-width-container","site-content-style":"default","site-sidebar-style":"default","ast-global-header-display":"","ast-banner-title-visibility":"","ast-main-header-display":"","ast-hfb-above-header-display":"","ast-hfb-below-header-display":"","ast-hfb-mobile-header-display":"","site-post-title":"disabled","ast-breadcrumbs-content":"","ast-featured-img":"disabled","footer-sml-layout":"","theme-transparent-header-meta":"","adv-header-id-meta":"","stick-header-meta":"","header-above-stick-meta":"","header-main-stick-meta":"","header-below-stick-meta":"","astra-migrate-meta-layouts":"default","ast-page-background-enabled":"default","ast-page-background-meta":{"desktop":{"background-color":"var(--ast-global-color-5)","background-image":"","background-repeat":"repeat","background-position":"center center","background-size":"auto","background-attachment":"scroll","background-type":"","background-media":"","overlay-type":"","overlay-color":"","overlay-opacity":"","overlay-gradient":""},"tablet":{"background-color":"","background-image":"","background-repeat":"repeat","background-position":"center center","background-size":"auto","background-attachment":"scroll","background-type":"","background-media":"","overlay-type":"","overlay-color":"","overlay-opacity":"","overlay-gradient":""},"mobile":{"background-color":"","background-image":"","background-repeat":"repeat","background-position":"center center","background-size":"auto","background-attachment":"scroll","background-type":"","background-media":"","overlay-type":"","overlay-color":"","overlay-opacity":"","overlay-gradient":""}},"ast-content-background-meta":{"desktop":{"background-color":"var(--ast-global-color-4)","background-image":"","background-repeat":"repeat","background-position":"center center","background-size":"auto","background-attachment":"scroll","background-type":"","background-media":"","overlay-type":"","overlay-color":"","overlay-opacity":"","overlay-gradient":""},"tablet":{"background-color":"var(--ast-global-color-4)","background-image":"","background-repeat":"repeat","background-position":"center center","background-size":"auto","background-attachment":"scroll","background-type":"","background-media":"","overlay-type":"","overlay-color":"","overlay-opacity":"","overlay-gradient":""},"mobile":{"background-color":"var(--ast-global-color-4)","background-image":"","background-repeat":"repeat","background-position":"center center","background-size":"auto","background-attachment":"scroll","background-type":"","background-media":"","overlay-type":"","overlay-color":"","overlay-opacity":"","overlay-gradient":""}},"footnotes":""},"class_list":["post-69","page","type-page","status-publish","hentry"],"_links":{"self":[{"href":"https:\/\/martapruebas.teys.es\/index.php?rest_route=\/wp\/v2\/pages\/69","targetHints":{"allow":["GET"]}}],"collection":[{"href":"https:\/\/martapruebas.teys.es\/index.php?rest_route=\/wp\/v2\/pages"}],"about":[{"href":"https:\/\/martapruebas.teys.es\/index.php?rest_route=\/wp\/v2\/types\/page"}],"author":[{"embeddable":true,"href":"https:\/\/martapruebas.teys.es\/index.php?rest_route=\/wp\/v2\/users\/1"}],"replies":[{"embeddable":true,"href":"https:\/\/martapruebas.teys.es\/index.php?rest_route=%2Fwp%2Fv2%2Fcomments&post=69"}],"version-history":[{"count":23,"href":"https:\/\/martapruebas.teys.es\/index.php?rest_route=\/wp\/v2\/pages\/69\/revisions"}],"predecessor-version":[{"id":97,"href":"https:\/\/martapruebas.teys.es\/index.php?rest_route=\/wp\/v2\/pages\/69\/revisions\/97"}],"wp:attachment":[{"href":"https:\/\/martapruebas.teys.es\/index.php?rest_route=%2Fwp%2Fv2%2Fmedia&parent=69"}],"curies":[{"name":"wp","href":"https:\/\/api.w.org\/{rel}","templated":true}]}}